{"id":4398,"date":"2018-10-23T16:03:19","date_gmt":"2018-10-23T16:03:19","guid":{"rendered":"https:\/\/www.aqua-united.de\/?page_id=4398"},"modified":"2025-10-13T12:32:07","modified_gmt":"2025-10-13T12:32:07","slug":"brands","status":"publish","type":"page","link":"https:\/\/www.aqua-united.de\/en\/brands\/","title":{"rendered":"Brands"},"content":{"rendered":"<p>[et_pb_section fb_built=&#8220;1&#8243; fullwidth=&#8220;on&#8220; _builder_version=&#8220;4.16&#8243; background_image=&#8220;https:\/\/www.aqua-united.de\/wp-content\/uploads\/2018\/10\/Header-Endler-Guppy.jpg&#8220; global_colors_info=&#8220;{}&#8220;][et_pb_fullwidth_post_title title=&#8220;off&#8220; meta=&#8220;off&#8220; featured_image=&#8220;off&#8220; text_color=&#8220;light&#8220; _builder_version=&#8220;4.16&#8243; meta_text_align=&#8220;center&#8220; custom_padding=&#8220;200px||145px|&#8220; custom_padding_tablet=&#8220;50px||100px|&#8220; custom_padding_phone=&#8220;||50px|&#8220; custom_padding_last_edited=&#8220;on|phone&#8220; global_colors_info=&#8220;{}&#8220;][\/et_pb_fullwidth_post_title][\/et_pb_section][et_pb_section fb_built=&#8220;1&#8243; _builder_version=&#8220;4.16&#8243; global_colors_info=&#8220;{}&#8220;][et_pb_row _builder_version=&#8220;4.16&#8243; background_size=&#8220;initial&#8220; background_position=&#8220;top_left&#8220; background_repeat=&#8220;repeat&#8220; global_colors_info=&#8220;{}&#8220;][et_pb_column type=&#8220;4_4&#8243; _builder_version=&#8220;4.16&#8243; custom_padding=&#8220;|||&#8220; global_colors_info=&#8220;{}&#8220; custom_padding__hover=&#8220;|||&#8220;][et_pb_text _builder_version=&#8220;4.16&#8243; global_colors_info=&#8220;{}&#8220;]<\/p>\n<p>\n&nbsp;<\/p>\n<h2 style=\"text-align: center;\">In addition to our own brands Aquarium M\u00fcnster and Tropic Marin we offer a selection of high quality aquarium brands.<\/h2>\n<p>[\/et_pb_text][\/et_pb_column][\/et_pb_row][et_pb_row column_structure=&#8220;1_4,1_4,1_4,1_4&#8243; _builder_version=&#8220;4.16&#8243; background_size=&#8220;initial&#8220; background_position=&#8220;top_left&#8220; background_repeat=&#8220;repeat&#8220; global_colors_info=&#8220;{}&#8220;][et_pb_column type=&#8220;1_4&#8243; _builder_version=&#8220;4.16&#8243; custom_padding=&#8220;|||&#8220; global_colors_info=&#8220;{}&#8220; custom_padding__hover=&#8220;|||&#8220;][\/et_pb_column][et_pb_column type=&#8220;1_4&#8243; _builder_version=&#8220;4.16&#8243; custom_padding=&#8220;|||&#8220; global_colors_info=&#8220;{}&#8220; custom_padding__hover=&#8220;|||&#8220;][et_pb_image src=&#8220;https:\/\/www.aqua-united.de\/wp-content\/uploads\/2018\/10\/Aquarium-Munster-2.jpg&#8220; url=&#8220;https:\/\/www.aqua-united.de\/en\/brands\/aquarium-muenster\/&#8220; align_tablet=&#8220;center&#8220; align_phone=&#8220;&#8220; align_last_edited=&#8220;on|desktop&#8220; admin_label=&#8220;Markenlogo Aquarium M\u00fcnster&#8220; _builder_version=&#8220;4.16&#8243; global_colors_info=&#8220;{}&#8220;][\/et_pb_image][\/et_pb_column][et_pb_column type=&#8220;1_4&#8243; _builder_version=&#8220;4.16&#8243; custom_padding=&#8220;|||&#8220; global_colors_info=&#8220;{}&#8220; custom_padding__hover=&#8220;|||&#8220;][et_pb_image src=&#8220;https:\/\/www.aqua-united.de\/wp-content\/uploads\/2018\/10\/Tropic-Marin-2.jpg&#8220; url=&#8220;https:\/\/www.aqua-united.de\/en\/brands\/tropic-marin\/&#8220; align_tablet=&#8220;center&#8220; align_phone=&#8220;&#8220; align_last_edited=&#8220;on|desktop&#8220; admin_label=&#8220;Markenlogo Tropic Marin&#8220; _builder_version=&#8220;4.16&#8243; global_colors_info=&#8220;{}&#8220;][\/et_pb_image][\/et_pb_column][et_pb_column type=&#8220;1_4&#8243; _builder_version=&#8220;4.16&#8243; custom_padding=&#8220;|||&#8220; global_colors_info=&#8220;{}&#8220; custom_padding__hover=&#8220;|||&#8220;][\/et_pb_column][\/et_pb_row][et_pb_row column_structure=&#8220;1_4,1_4,1_4,1_4&#8243; _builder_version=&#8220;4.16&#8243; background_size=&#8220;initial&#8220; background_position=&#8220;top_left&#8220; background_repeat=&#8220;repeat&#8220; global_colors_info=&#8220;{}&#8220;][et_pb_column type=&#8220;1_4&#8243; _builder_version=&#8220;4.16&#8243; custom_padding=&#8220;|||&#8220; global_colors_info=&#8220;{}&#8220; custom_padding__hover=&#8220;|||&#8220;][et_pb_image src=&#8220;https:\/\/www.aqua-united.de\/wp-content\/uploads\/2022\/11\/Flipper.jpg&#8220; title_text=&#8220;Flipper&#8220; url=&#8220;https:\/\/www.aqua-united.de\/en\/brands\/flipper\/&#8220; align_tablet=&#8220;center&#8220; align_phone=&#8220;&#8220; align_last_edited=&#8220;on|desktop&#8220; admin_label=&#8220;Markenlogo Flipper&#8220; _builder_version=&#8220;4.17.3&#8243; global_colors_info=&#8220;{}&#8220;][\/et_pb_image][et_pb_image src=&#8220;https:\/\/www.aqua-united.de\/wp-content\/uploads\/2018\/10\/TECO.jpg&#8220; url=&#8220;https:\/\/www.aqua-united.de\/en\/brands\/teco\/&#8220; align_tablet=&#8220;center&#8220; align_phone=&#8220;&#8220; align_last_edited=&#8220;on|desktop&#8220; admin_label=&#8220;Markenlogo TECO&#8220; _builder_version=&#8220;4.16&#8243; global_colors_info=&#8220;{}&#8220;][\/et_pb_image][\/et_pb_column][et_pb_column type=&#8220;1_4&#8243; _builder_version=&#8220;4.16&#8243; custom_padding=&#8220;|||&#8220; global_colors_info=&#8220;{}&#8220; custom_padding__hover=&#8220;|||&#8220;][et_pb_image src=&#8220;https:\/\/www.aqua-united.de\/wp-content\/uploads\/2025\/10\/ITC.jpg&#8220; title_text=&#8220;ITC&#8220; url=&#8220;https:\/\/www.aqua-united.de\/en\/brands\/itc\/&#8220; align_tablet=&#8220;center&#8220; align_phone=&#8220;&#8220; align_last_edited=&#8220;on|desktop&#8220; admin_label=&#8220;Markenlogo Flipper&#8220; _builder_version=&#8220;4.27.0&#8243; hover_enabled=&#8220;0&#8243; global_colors_info=&#8220;{}&#8220; sticky_enabled=&#8220;0&#8243;][\/et_pb_image][et_pb_image src=&#8220;https:\/\/www.aqua-united.de\/wp-content\/uploads\/2024\/09\/Aquaperfekt-09_2024.jpg&#8220; title_text=&#8220;Aquaperfekt-09_2024&#8243; url=&#8220;https:\/\/www.aqua-united.de\/en\/brands\/aquaperfekt\/&#8220; align_tablet=&#8220;center&#8220; align_phone=&#8220;&#8220; align_last_edited=&#8220;on|desktop&#8220; admin_label=&#8220;Markenlogo AquaPerfekt&#8220; _builder_version=&#8220;4.24.3&#8243; global_colors_info=&#8220;{}&#8220;][\/et_pb_image][\/et_pb_column][et_pb_column type=&#8220;1_4&#8243; _builder_version=&#8220;4.16&#8243; custom_padding=&#8220;|||&#8220; global_colors_info=&#8220;{}&#8220; custom_padding__hover=&#8220;|||&#8220;][et_pb_image src=&#8220;https:\/\/www.aqua-united.de\/wp-content\/uploads\/2018\/10\/SICCE.jpg&#8220; url=&#8220;https:\/\/www.aqua-united.de\/en\/brands\/sicce\/&#8220; align_tablet=&#8220;center&#8220; align_phone=&#8220;&#8220; align_last_edited=&#8220;on|desktop&#8220; admin_label=&#8220;Markenlogo SICCE&#8220; _builder_version=&#8220;4.16&#8243; global_colors_info=&#8220;{}&#8220;][\/et_pb_image][et_pb_image src=&#8220;https:\/\/www.aqua-united.de\/wp-content\/uploads\/2022\/01\/Theiling.jpg&#8220; title_text=&#8220;Theiling&#8220; url=&#8220;https:\/\/www.aqua-united.de\/en\/brands\/theiling-by-aquaperfekt\/&#8220; align_tablet=&#8220;center&#8220; align_phone=&#8220;&#8220; align_last_edited=&#8220;on|desktop&#8220; admin_label=&#8220;Markenlogo Theiling&#8220; _builder_version=&#8220;4.16&#8243; global_colors_info=&#8220;{}&#8220;][\/et_pb_image][\/et_pb_column][et_pb_column type=&#8220;1_4&#8243; _builder_version=&#8220;4.16&#8243; custom_padding=&#8220;|||&#8220; global_colors_info=&#8220;{}&#8220; custom_padding__hover=&#8220;|||&#8220;][et_pb_image src=&#8220;https:\/\/www.aqua-united.de\/wp-content\/uploads\/2023\/02\/Seneye-Markenlogo.jpg&#8220; title_text=&#8220;Seneye&#8220; url=&#8220;https:\/\/www.aqua-united.de\/en\/brands\/seneye\/&#8220; align_tablet=&#8220;center&#8220; align_phone=&#8220;&#8220; align_last_edited=&#8220;on|desktop&#8220; admin_label=&#8220;Markenlogo Seneye&#8220; _builder_version=&#8220;4.19.4&#8243; global_colors_info=&#8220;{}&#8220;][\/et_pb_image][\/et_pb_column][\/et_pb_row][\/et_pb_section]<\/p>\n","protected":false},"excerpt":{"rendered":"<p>&nbsp; In addition to our own brands Aquarium M\u00fcnster and Tropic Marin we offer a selection of high quality aquarium brands.<\/p>\n","protected":false},"author":38,"featured_media":0,"parent":0,"menu_order":0,"comment_status":"closed","ping_status":"closed","template":"","meta":{"_et_pb_use_builder":"on","_et_pb_old_content":"<p>[et_pb_section fb_built=\"1\" fullwidth=\"on\" _builder_version=\"3.12.2\" background_image=\"https:\/\/www.aqua-united.de\/wp-content\/uploads\/2018\/10\/Header-Endler-Guppy.jpg\"][et_pb_fullwidth_post_title title=\"off\" meta=\"off\" featured_image=\"off\" text_color=\"light\" _builder_version=\"3.12.2\" meta_text_align=\"center\" custom_padding=\"200px||145px|\" custom_padding_last_edited=\"on|phone\" custom_padding_tablet=\"50px||100px|\" custom_padding_phone=\"||50px|\"][\/et_pb_fullwidth_post_title][\/et_pb_section][et_pb_section fb_built=\"1\" _builder_version=\"3.0.47\"][et_pb_row _builder_version=\"3.0.48\" background_size=\"initial\" background_position=\"top_left\" background_repeat=\"repeat\"][et_pb_column type=\"4_4\" _builder_version=\"3.0.47\" parallax=\"off\" parallax_method=\"on\"][et_pb_text _builder_version=\"3.12.2\"]<\/p><h2 style=\"text-align: center;\">Neben unseren eigenen Marken Aquarium M\u00fcnster und Tropic Marin, vertreiben wir, zumeist exklusiv f\u00fcr Deutschland und \u00d6sterreich, eine kleine Auswahl an qualitativ hochwertigen Aquaristikmarken.<\/h2><p>[\/et_pb_text][\/et_pb_column][\/et_pb_row][et_pb_row _builder_version=\"3.0.48\" background_size=\"initial\" background_position=\"top_left\" background_repeat=\"repeat\"][et_pb_column type=\"1_4\" _builder_version=\"3.0.47\" parallax=\"off\" parallax_method=\"on\"][\/et_pb_column][et_pb_column type=\"1_4\" _builder_version=\"3.0.47\" parallax=\"off\" parallax_method=\"on\"][et_pb_image src=\"https:\/\/www.aqua-united.de\/wp-content\/uploads\/2018\/10\/Aquarium-Munster-2.jpg\" url=\"\/aquarium-muenster\" admin_label=\"Markenlogo Aquarium M\u00fcnster\" _builder_version=\"3.12.2\"][\/et_pb_image][\/et_pb_column][et_pb_column type=\"1_4\" _builder_version=\"3.0.47\" parallax=\"off\" parallax_method=\"on\"][et_pb_image src=\"https:\/\/www.aqua-united.de\/wp-content\/uploads\/2018\/10\/Tropic-Marin-2.jpg\" url=\"\/tropic-marin\" admin_label=\"Markenlogo Tropic Marin\" _builder_version=\"3.12.2\"][\/et_pb_image][\/et_pb_column][et_pb_column type=\"1_4\" _builder_version=\"3.0.47\" parallax=\"off\" parallax_method=\"on\"][\/et_pb_column][\/et_pb_row][et_pb_row _builder_version=\"3.0.48\" background_size=\"initial\" background_position=\"top_left\" background_repeat=\"repeat\"][et_pb_column type=\"1_4\" _builder_version=\"3.0.47\" parallax=\"off\" parallax_method=\"on\"][et_pb_image src=\"https:\/\/www.aqua-united.de\/wp-content\/uploads\/2018\/10\/Akvastabil.jpg\" url=\"\/akvastabil\" admin_label=\"Markenlogo Akvastabil\" _builder_version=\"3.12.2\"][\/et_pb_image][\/et_pb_column][et_pb_column type=\"1_4\" _builder_version=\"3.0.47\" parallax=\"off\" parallax_method=\"on\"][et_pb_image src=\"https:\/\/www.aqua-united.de\/wp-content\/uploads\/2018\/10\/AQAMAI.jpg\" url=\"\/aqamai\" admin_label=\"Markenlogo AQAMAI\" _builder_version=\"3.12.2\"][\/et_pb_image][\/et_pb_column][et_pb_column type=\"1_4\" _builder_version=\"3.0.47\" parallax=\"off\" parallax_method=\"on\"][et_pb_image src=\"https:\/\/www.aqua-united.de\/wp-content\/uploads\/2018\/10\/Nemolight.jpg\" url=\"\/nemolight\" admin_label=\"Markenlogo Nemolight\" _builder_version=\"3.12.2\"][\/et_pb_image][\/et_pb_column][et_pb_column type=\"1_4\" _builder_version=\"3.0.47\" parallax=\"off\" parallax_method=\"on\"][et_pb_image src=\"https:\/\/www.aqua-united.de\/wp-content\/uploads\/2018\/10\/SICCE.jpg\" url=\"\/sicce\" admin_label=\"Markenlogo SICCE\" _builder_version=\"3.12.2\"][\/et_pb_image][\/et_pb_column][\/et_pb_row][et_pb_row _builder_version=\"3.0.48\" background_size=\"initial\" background_position=\"top_left\" background_repeat=\"repeat\"][et_pb_column type=\"1_4\" _builder_version=\"3.0.47\" parallax=\"off\" parallax_method=\"on\"][et_pb_image src=\"https:\/\/www.aqua-united.de\/wp-content\/uploads\/2018\/10\/TECO.jpg\" url=\"\/teco\" admin_label=\"Markenlogo TECO\" _builder_version=\"3.12.2\"][\/et_pb_image][\/et_pb_column][et_pb_column type=\"1_4\" _builder_version=\"3.0.47\" parallax=\"off\" parallax_method=\"on\"][\/et_pb_column][et_pb_column type=\"1_4\" _builder_version=\"3.0.47\" parallax=\"off\" parallax_method=\"on\"][\/et_pb_column][et_pb_column type=\"1_4\" _builder_version=\"3.0.47\" parallax=\"off\" parallax_method=\"on\"][\/et_pb_column][\/et_pb_row][\/et_pb_section]<\/p>","_et_gb_content_width":"","ngg_post_thumbnail":0,"footnotes":""},"class_list":["post-4398","page","type-page","status-publish","hentry"],"_links":{"self":[{"href":"https:\/\/www.aqua-united.de\/en\/wp-json\/wp\/v2\/pages\/4398","targetHints":{"allow":["GET"]}}],"collection":[{"href":"https:\/\/www.aqua-united.de\/en\/wp-json\/wp\/v2\/pages"}],"about":[{"href":"https:\/\/www.aqua-united.de\/en\/wp-json\/wp\/v2\/types\/page"}],"author":[{"embeddable":true,"href":"https:\/\/www.aqua-united.de\/en\/wp-json\/wp\/v2\/users\/38"}],"replies":[{"embeddable":true,"href":"https:\/\/www.aqua-united.de\/en\/wp-json\/wp\/v2\/comments?post=4398"}],"version-history":[{"count":2,"href":"https:\/\/www.aqua-united.de\/en\/wp-json\/wp\/v2\/pages\/4398\/revisions"}],"predecessor-version":[{"id":58801,"href":"https:\/\/www.aqua-united.de\/en\/wp-json\/wp\/v2\/pages\/4398\/revisions\/58801"}],"wp:attachment":[{"href":"https:\/\/www.aqua-united.de\/en\/wp-json\/wp\/v2\/media?parent=4398"}],"curies":[{"name":"wp","href":"https:\/\/api.w.org\/{rel}","templated":true}]}}